{"id":222,"date":"2024-02-23T11:50:07","date_gmt":"2024-02-23T11:50:07","guid":{"rendered":"http:\/\/asociacionargentinadejuristas.org\/web\/?page_id=222"},"modified":"2024-03-14T13:13:07","modified_gmt":"2024-03-14T13:13:07","slug":"historia","status":"publish","type":"page","link":"http:\/\/asociacionargentinadejuristas.org\/web\/historia\/","title":{"rendered":"Historia"},"content":{"rendered":"\t\t<div data-elementor-type=\"wp-page\" data-elementor-id=\"222\" class=\"elementor elementor-222\">\n\t\t\t\t<div class=\"elementor-element elementor-element-56ef880 e-flex e-con-boxed e-con e-parent\" data-id=\"56ef880\" data-element_type=\"container\" data-e-type=\"container\">\n\t\t\t\t\t<div class=\"e-con-inner\">\n\t\t<div class=\"elementor-element elementor-element-86ad2f6 e-flex e-con-boxed e-con e-child\" data-id=\"86ad2f6\" data-element_type=\"container\" data-e-type=\"container\">\n\t\t\t\t\t<div class=\"e-con-inner\">\n\t\t\t\t<div class=\"elementor-element elementor-element-c41a583 elementor-widget elementor-widget-heading\" data-id=\"c41a583\" data-element_type=\"widget\" data-e-type=\"widget\" data-widget_type=\"heading.default\">\n\t\t\t\t<div class=\"elementor-widget-container\">\n\t\t\t\t\t<h2 class=\"elementor-heading-title elementor-size-default\">Historia<\/h2>\t\t\t\t<\/div>\n\t\t\t\t<\/div>\n\t\t\t\t\t<\/div>\n\t\t\t\t<\/div>\n\t\t\t\t\t<\/div>\n\t\t\t\t<\/div>\n\t\t<div class=\"elementor-element elementor-element-d5ad762 e-flex e-con-boxed e-con e-parent\" data-id=\"d5ad762\" data-element_type=\"container\" data-e-type=\"container\">\n\t\t\t\t\t<div class=\"e-con-inner\">\n\t\t<div class=\"elementor-element elementor-element-f6a7d73 e-flex e-con-boxed e-con e-child\" data-id=\"f6a7d73\" data-element_type=\"container\" data-e-type=\"container\">\n\t\t\t\t\t<div class=\"e-con-inner\">\n\t\t\t\t<div class=\"elementor-element elementor-element-c7511ef elementor-widget elementor-widget-text-editor\" data-id=\"c7511ef\" data-element_type=\"widget\" data-e-type=\"widget\" data-widget_type=\"text-editor.default\">\n\t\t\t\t<div class=\"elementor-widget-container\">\n\t\t\t\t\t\t\t\t\t<p>La Asociaci\u00f3n Argentina de Juristas es una Rama Nacional de los asociados de la Asociaci\u00f3n Americana de Juristas de la Rep\u00fablica Argentina.<\/p><p>La ONG continental fue fundada en 1975 en Panam\u00e1, con estatuto consultivo ante el Consejo Econ\u00f3mico y Social de las Naciones Unidas. Y la Rama de Argentina comparte los principios y objetivos de la A.A.J.: bregar por la autodeterminaci\u00f3n de los pueblos, en pos de que a partir de la plena independencia econ\u00f3mica se pueda ejercer la soberan\u00eda del Estado sobre sus riquezas y recursos naturales.<\/p><p>Tambi\u00e9n consideramos fundamental el accionar contra el imperialismo, el colonialismo, el fascismo, el neocolonialismo, y contra la discriminaci\u00f3n racial, de la mujer, los abor\u00edgenes y minor\u00edas nacionales.<\/p><p>Los miembros de la AAJ luchamos por la defensa de la paz efectiva basada en el principio de la coexistencia pacifica entre Estados de diferentes sistemas sociales y econ\u00f3micos.<\/p><p>Buscamos la defensa y promoci\u00f3n de los derechos humanos y la concreci\u00f3n de mejores y m\u00e1s efectivas garant\u00edas de protecci\u00f3n.<\/p><p>Condenamos y denunciamos las legislaciones represivas existentes en pa\u00edses americanos, que contradicen o tergiversan los principios y objetivos de esta entidad.<\/p>\t\t\t\t\t\t\t\t<\/div>\n\t\t\t\t<\/div>\n\t\t\t\t\t<\/div>\n\t\t\t\t<\/div>\n\t\t\t\t\t<\/div>\n\t\t\t\t<\/div>\n\t\t<div class=\"elementor-element elementor-element-bdff81f e-flex e-con-boxed e-con e-parent\" data-id=\"bdff81f\" data-element_type=\"container\" data-e-type=\"container\">\n\t\t\t\t\t<div class=\"e-con-inner\">\n\t\t\t\t<div class=\"elementor-element elementor-element-7affb45 elementor-widget elementor-widget-spacer\" data-id=\"7affb45\" data-element_type=\"widget\" data-e-type=\"widget\" data-widget_type=\"spacer.default\">\n\t\t\t\t<div class=\"elementor-widget-container\">\n\t\t\t\t\t\t\t<div class=\"elementor-spacer\">\n\t\t\t<div class=\"elementor-spacer-inner\"><\/div>\n\t\t<\/div>\n\t\t\t\t\t\t<\/div>\n\t\t\t\t<\/div>\n\t\t\t\t\t<\/div>\n\t\t\t\t<\/div>\n\t\t\t\t<\/div>\n\t\t","protected":false},"excerpt":{"rendered":"<p>Historia La Asociaci\u00f3n Argentina de Juristas es una Rama Nacional de los asociados de la Asociaci\u00f3n Americana de Juristas de la Rep\u00fablica Argentina. La ONG continental fue fundada en 1975 en Panam\u00e1, con estatuto consultivo ante el Consejo Econ\u00f3mico y Social de las Naciones Unidas. Y la Rama de Argentina comparte los principios y objetivos&hellip;&nbsp;<\/p>\n","protected":false},"author":2,"featured_media":0,"parent":0,"menu_order":0,"comment_status":"closed","ping_status":"closed","template":"page-templates\/template-pagebuilder-full-width.php","meta":{"neve_meta_sidebar":"","neve_meta_container":"","neve_meta_enable_content_width":"off","neve_meta_content_width":100,"neve_meta_title_alignment":"","neve_meta_author_avatar":"","neve_post_elements_order":"","neve_meta_disable_header":"","neve_meta_disable_footer":"","neve_meta_disable_title":"","footnotes":""},"class_list":["post-222","page","type-page","status-publish","hentry"],"_links":{"self":[{"href":"http:\/\/asociacionargentinadejuristas.org\/web\/wp-json\/wp\/v2\/pages\/222","targetHints":{"allow":["GET"]}}],"collection":[{"href":"http:\/\/asociacionargentinadejuristas.org\/web\/wp-json\/wp\/v2\/pages"}],"about":[{"href":"http:\/\/asociacionargentinadejuristas.org\/web\/wp-json\/wp\/v2\/types\/page"}],"author":[{"embeddable":true,"href":"http:\/\/asociacionargentinadejuristas.org\/web\/wp-json\/wp\/v2\/users\/2"}],"replies":[{"embeddable":true,"href":"http:\/\/asociacionargentinadejuristas.org\/web\/wp-json\/wp\/v2\/comments?post=222"}],"version-history":[{"count":37,"href":"http:\/\/asociacionargentinadejuristas.org\/web\/wp-json\/wp\/v2\/pages\/222\/revisions"}],"predecessor-version":[{"id":989,"href":"http:\/\/asociacionargentinadejuristas.org\/web\/wp-json\/wp\/v2\/pages\/222\/revisions\/989"}],"wp:attachment":[{"href":"http:\/\/asociacionargentinadejuristas.org\/web\/wp-json\/wp\/v2\/media?parent=222"}],"curies":[{"name":"wp","href":"https:\/\/api.w.org\/{rel}","templated":true}]}}